{"id":82931,"date":"2024-07-11T07:51:50","date_gmt":"2024-07-11T07:51:50","guid":{"rendered":"https:\/\/www.condepoveda.com\/?page_id=82931"},"modified":"2024-07-11T08:00:00","modified_gmt":"2024-07-11T08:00:00","slug":"article-el-meu-primer-sant-pau-com-a-ribeta","status":"publish","type":"page","link":"https:\/\/www.condepoveda.com\/es\/article-el-meu-primer-sant-pau-com-a-ribeta\/","title":{"rendered":"ARTICLE: El meu primer Sant Pau com a ribet\u00e0"},"content":{"rendered":"<div class=\"wpb-content-wrapper\"><div data-parent=\"true\" class=\"vc_row row-container\" id=\"row-unique-0\"><div class=\"row limit-width row-parent\"><div class=\"wpb_row row-inner\"><div class=\"wpb_column pos-top pos-center align_left column_parent col-lg-12 single-internal-gutter\"><div class=\"uncol style-light\"  ><div class=\"uncoltable\"><div class=\"uncell no-block-padding\" ><div class=\"uncont\"><div class=\"uncode_text_column\" ><\/p>\n<div id=\"row-unique-0\" class=\"vc_row row-container\" data-parent=\"true\" data-section=\"0\">\n<div class=\"row limit-width row-parent\" data-imgready=\"true\">\n<div class=\"wpb_row row-inner\">\n<div class=\"wpb_column pos-top pos-center align_left column_parent col-lg-12 single-internal-gutter\">\n<div class=\"uncol style-light\">\n<div class=\"uncoltable\">\n<div class=\"uncell no-block-padding\">\n<div class=\"uncont\">\n<div class=\"vc_custom_heading_wrap\">\n<div class=\"heading-text el-text\">\n<h2>ARTICLE: El meu primer Sant Pau com a ribet\u00e0<\/h2>\n<\/div>\n<\/div>\n<\/div>\n<\/div>\n<\/div>\n<\/div>\n<\/div>\n<\/div>\n<\/div>\n<\/div>\n<p>\n<\/div><div class=\"uncode-single-media  text-left\"><div class=\"single-wrapper\" style=\"max-width: 100%;\"><div class=\"tmb tmb-light  tmb-media-first tmb-media-last tmb-content-overlay tmb-no-bg\"><div class=\"t-inside\"><div class=\"t-entry-visual\"><div class=\"t-entry-visual-tc\"><div class=\"uncode-single-media-wrapper\"><img decoding=\"async\" class=\"wp-image-82932\" src=\"https:\/\/www.condepoveda.com\/wp-content\/uploads\/2024\/07\/Captura-de-pantalla-2024-07-11-a-les-9.23.22-1.png\" width=\"1630\" height=\"1108\" alt=\"\" srcset=\"https:\/\/www.condepoveda.com\/wp-content\/uploads\/2024\/07\/Captura-de-pantalla-2024-07-11-a-les-9.23.22-1.png 1630w, https:\/\/www.condepoveda.com\/wp-content\/uploads\/2024\/07\/Captura-de-pantalla-2024-07-11-a-les-9.23.22-1-600x408.png 600w, https:\/\/www.condepoveda.com\/wp-content\/uploads\/2024\/07\/Captura-de-pantalla-2024-07-11-a-les-9.23.22-1-300x204.png 300w, https:\/\/www.condepoveda.com\/wp-content\/uploads\/2024\/07\/Captura-de-pantalla-2024-07-11-a-les-9.23.22-1-1080x734.png 1080w, https:\/\/www.condepoveda.com\/wp-content\/uploads\/2024\/07\/Captura-de-pantalla-2024-07-11-a-les-9.23.22-1-768x522.png 768w, https:\/\/www.condepoveda.com\/wp-content\/uploads\/2024\/07\/Captura-de-pantalla-2024-07-11-a-les-9.23.22-1-1536x1044.png 1536w, https:\/\/www.condepoveda.com\/wp-content\/uploads\/2024\/07\/Captura-de-pantalla-2024-07-11-a-les-9.23.22-1-18x12.png 18w, https:\/\/www.condepoveda.com\/wp-content\/uploads\/2024\/07\/Captura-de-pantalla-2024-07-11-a-les-9.23.22-1-350x238.png 350w\" sizes=\"(max-width: 1630px) 100vw, 1630px\" \/><\/div>\n\t\t\t\t\t<\/div>\n\t\t\t\t<\/div><\/div><\/div><\/div><\/div><\/div><\/div><\/div><\/div><\/div><script id=\"script-row-unique-0\" data-row=\"script-row-unique-0\" type=\"text\/javascript\" class=\"vc_controls\">UNCODE.initRow(document.getElementById(\"row-unique-0\"));<\/script><\/div><\/div><\/div><div data-parent=\"true\" class=\"vc_row row-container\" id=\"row-unique-1\"><div class=\"row limit-width row-parent\"><div class=\"wpb_row row-inner\"><div class=\"wpb_column pos-top pos-center align_left column_parent col-lg-12 single-internal-gutter\"><div class=\"uncol style-light\"  ><div class=\"uncoltable\"><div class=\"uncell no-block-padding\" ><div class=\"uncont\"><div class=\"uncode_text_column\" ><\/p>\n<h1><strong>&#8220;El meu primer Sant Pau com a ribet\u00e0&#8221;<\/strong><\/h1>\n<h3><em>(01\/02\/24 a l&#8217;Eco de Sitges\/Ribes)<\/em><\/h3>\n<blockquote>\n<h2><em><strong>El m\u00e9s bonic s\u00f3n les xarxes i vincles d&#8217;empatia entre gent diversa.<\/strong><\/em><\/h2>\n<\/blockquote>\n<p><span style=\"font-weight: 400;\">Enguany, m&#8217;ha tocat viure la meva primera Festa Major de Sant Pau com a flamant nou ribet\u00e0. No ha sigut un fet casual at\u00e8s que a casa hem fet tot el possible per fer coincidir les dates de la mudan\u00e7a. De fet, el dia anterior a la Vigl\u00edlia, a la nostra finestra ja hi llu\u00efa el popular dom\u00e0s del Ball de Diables de la Colla Jove, tot i que encara no dispos\u00e0vem ni dels mobles ni dels electrodom\u00e8stics m\u00e9s imprescindibles. Per tant, ha sigut una efem\u00e8ride m\u00e9s que buscada.<\/span><\/p>\n<p><span style=\"font-weight: 400;\">\u00a0<\/span><\/p>\n<p><span style=\"font-weight: 400;\">Cal dir que, com a roquetenc fa anys que gaudeixo amb intensitat de les festes majors de Ribes, no nom\u00e9s com espectador. Per Sant Pere, he col\u00b7laborat a Barraques (com a persona involucrada en la ja extinta Carpa Revoluci\u00f3); i en el meu per\u00edode com a regidor a l&#8217;oposici\u00f3, em va tocar assistir al conjunt d&#8217;actes institucionals, com presentacions, tamb\u00e9 als oficis religiosos i cercaviles (en la q\u00fcestionable pres\u00e8ncia d&#8217;autoritats, el m\u00e9s destacable era sentir la ja tradicional broma de &#8220;ja venen els cabe\u00e7uts&#8221;), i; finalment, tamb\u00e9 com a professional de l&#8217;\u00e0mbit audiovisual, tamb\u00e9 he publicat sovint fotos i v\u00eddeos de la celebraci\u00f3. Com diria aquell, nom\u00e9s em falta participar d&#8217;algun ball per haver fet tots els papers de l&#8217;auca.<\/span><\/p>\n<p><span style=\"font-weight: 400;\">\u00a0<\/span><\/p>\n<p><span style=\"font-weight: 400;\">Malgrat tot, i per molt que m&#8217;aprop\u00e9s a la festa, sempre he tingut la sensaci\u00f3 de restar a l&#8217;escap\u00e7a, com si algun fil m&#8217;estir\u00e9s per allunyar-me&#8217;n i fer-me constar que no en formava part. Al cap i a la fi, suposo que \u00e9s normal sentir-se foraster en una Festa Major que presumeix de ser tant &#8220;nostra&#8221; pels ribetans i ribetanes. Altrament, s\u00e9 que descobreixo la sopa d&#8217;all si ara exposo les virtuts i els trets identitaris d&#8217;una festivitat que \u00e9s reconeguda com a Patrimoni Festiu de Catalunya, a m\u00e9s que seria lleig quedar-se cofoi despr\u00e9s d&#8217;afalagar la vista de manera tant barata als orgullosos lectors d&#8217;aquest setmanari.<\/span><\/p>\n<p><span style=\"font-weight: 400;\">\u00a0<\/span><\/p>\n<p><span style=\"font-weight: 400;\">El fet \u00e9s que sempre m&#8217;ha impressionat no nom\u00e9s el retaule de trets caracter\u00edstics i tradicionals associats a aquesta Festa Major (com els sabres, el cam\u00ed a l&#8217;ermita, les peces m\u00e9s originals del bestiari popular o la gr\u00e0cia dels seus balls i versots sat\u00edrics) sin\u00f3, en especial, la vitalitat i el sentiment que provoca en una comunitat que, a m\u00e9s, \u00e9s profundament intergeneracional. Per mi, esdev\u00e9 la il\u00b7lustraci\u00f3 viva de la c\u00e8lebre <\/span><span style=\"font-weight: 400;\">cita d\u2019Estell\u00e9s que \u201cno podran res davant d\u2019un poble unit, alegre i combatiu\u201d.\u00a0<\/span><\/p>\n<p><span style=\"font-weight: 400;\">\u00a0<\/span><\/p>\n<p><span style=\"font-weight: 400;\">L&#8217;acte que m\u00e9s exemplifica aquesta passi\u00f3 \u00e9s el toc d&#8217;inici que suposa la Baixada de Grallers, ja que corfereix veure tot un poble omplint a vessar els carrers i la pla\u00e7a Marcer el mat\u00ed d&#8217;un dia laborable tan sols per acompanyar als m\u00fasics i donar la benvinguda a la seva estimada festa.<\/span><\/p>\n<p><span style=\"font-weight: 400;\">\u00a0<\/span><\/p>\n<p><span style=\"font-weight: 400;\">Enguany, a causa del canvi clim\u00e0tic, la sequera i les altes temperatures, la conya que m\u00e9s ha corregut ha sigut la que inaugur\u00e0vem la Festa Major d&#8217;Estiu de Sant Pau. Una imatge que em sobta cada vegada que recordo totes les pujades i baixades a l&#8217;ermita on plovia a bots i barrals, mentre p\u00fablic i balladors havien de fer equilibris perqu\u00e8 ni el sotragueig del cam\u00ed de terra ni el fangar del mullader els fessin caure sobre les vinyes.<\/span><\/p>\n<p>&nbsp;<\/p>\n<p><span style=\"font-weight: 400;\">En conclusi\u00f3, el que vull dir \u00e9s que el bonic de tot plegat s\u00f3n les xarxes d\u2019uni\u00f3 i connexi\u00f3 que, a partir d\u2019actes com aquest, teixim durant tot l\u2019any i muten en vincles d\u2019empatia i solidaritat entre gent que \u00e9s diversa i distinta. El temps dir\u00e0 si soc capa\u00e7 de tallar aquest fil del qual parlava per\u00f2, tot aix\u00f2\u2026 que visqui la Festa Major!<\/span><\/p>\n<\/div><\/div><\/div><\/div><\/div><\/div><script id=\"script-row-unique-1\" data-row=\"script-row-unique-1\" type=\"text\/javascript\" class=\"vc_controls\">UNCODE.initRow(document.getElementById(\"row-unique-1\"));<\/script><\/div><\/div><\/div>\n<\/div>","protected":false},"excerpt":{"rendered":"ARTICLE: El meu primer Sant Pau com a ribet\u00e0 &#8220;El meu primer Sant Pau com a ribet\u00e0&#8221; (01\/02\/24 a l&#8217;Eco [...]","protected":false},"author":2,"featured_media":0,"parent":0,"menu_order":0,"comment_status":"closed","ping_status":"closed","template":"","meta":{"_exactmetrics_skip_tracking":false,"_exactmetrics_sitenote_active":false,"_exactmetrics_sitenote_note":"","_exactmetrics_sitenote_category":0,"footnotes":""},"class_list":["post-82931","page","type-page","status-publish","hentry"],"_links":{"self":[{"href":"https:\/\/www.condepoveda.com\/es\/wp-json\/wp\/v2\/pages\/82931","targetHints":{"allow":["GET"]}}],"collection":[{"href":"https:\/\/www.condepoveda.com\/es\/wp-json\/wp\/v2\/pages"}],"about":[{"href":"https:\/\/www.condepoveda.com\/es\/wp-json\/wp\/v2\/types\/page"}],"author":[{"embeddable":true,"href":"https:\/\/www.condepoveda.com\/es\/wp-json\/wp\/v2\/users\/2"}],"replies":[{"embeddable":true,"href":"https:\/\/www.condepoveda.com\/es\/wp-json\/wp\/v2\/comments?post=82931"}],"version-history":[{"count":2,"href":"https:\/\/www.condepoveda.com\/es\/wp-json\/wp\/v2\/pages\/82931\/revisions"}],"predecessor-version":[{"id":82939,"href":"https:\/\/www.condepoveda.com\/es\/wp-json\/wp\/v2\/pages\/82931\/revisions\/82939"}],"wp:attachment":[{"href":"https:\/\/www.condepoveda.com\/es\/wp-json\/wp\/v2\/media?parent=82931"}],"curies":[{"name":"wp","href":"https:\/\/api.w.org\/{rel}","templated":true}]}}