{"id":82798,"date":"2022-11-06T11:18:17","date_gmt":"2022-11-06T11:18:17","guid":{"rendered":"http:\/\/www.condepoveda.com\/?page_id=82798"},"modified":"2022-11-06T11:18:17","modified_gmt":"2022-11-06T11:18:17","slug":"article-especular-amb-el-dret-de-les-dones","status":"publish","type":"page","link":"https:\/\/www.condepoveda.com\/en\/article-especular-amb-el-dret-de-les-dones\/","title":{"rendered":"ARTICLE: Especular amb el dret de les dones"},"content":{"rendered":"<div class=\"wpb-content-wrapper\"><div data-parent=\"true\" class=\"vc_row row-container\" id=\"row-unique-0\"><div class=\"row limit-width row-parent\"><div class=\"wpb_row row-inner\"><div class=\"wpb_column pos-top pos-center align_left column_parent col-lg-12 single-internal-gutter\"><div class=\"uncol style-light\"  ><div class=\"uncoltable\"><div class=\"uncell no-block-padding\" ><div class=\"uncont\"><div class=\"uncode_text_column\" ><\/p>\n<h2><strong>ARTICLE: Especular amb el dret de les dones<\/strong><\/h2>\n<p>\n<\/div><\/div><\/div><\/div><\/div><\/div><script id=\"script-row-unique-0\" data-row=\"script-row-unique-0\" type=\"text\/javascript\" class=\"vc_controls\">UNCODE.initRow(document.getElementById(\"row-unique-0\"));<\/script><\/div><\/div><\/div><div data-parent=\"true\" class=\"vc_row row-container\" id=\"row-unique-1\"><div class=\"row limit-width row-parent\"><div class=\"wpb_row row-inner\"><div class=\"wpb_column pos-top pos-center align_left column_parent col-lg-12 single-internal-gutter\"><div class=\"uncol style-light\"  ><div class=\"uncoltable\"><div class=\"uncell no-block-padding\" ><div class=\"uncont\"><div class=\"uncode-single-media  text-left\"><div class=\"single-wrapper\" style=\"max-width: 100%;\"><div class=\"tmb tmb-light  tmb-media-first tmb-media-last tmb-content-overlay tmb-no-bg\"><div class=\"t-inside\"><div class=\"t-entry-visual\"><div class=\"t-entry-visual-tc\"><div class=\"uncode-single-media-wrapper\"><img decoding=\"async\" class=\"wp-image-82800\" src=\"https:\/\/www.condepoveda.com\/wp-content\/uploads\/2022\/11\/FTs3p2FWAAUfQPv.jpeg\" width=\"2084\" height=\"1240\" alt=\"\" srcset=\"https:\/\/www.condepoveda.com\/wp-content\/uploads\/2022\/11\/FTs3p2FWAAUfQPv.jpeg 2084w, https:\/\/www.condepoveda.com\/wp-content\/uploads\/2022\/11\/FTs3p2FWAAUfQPv-600x357.jpeg 600w, https:\/\/www.condepoveda.com\/wp-content\/uploads\/2022\/11\/FTs3p2FWAAUfQPv-300x179.jpeg 300w, https:\/\/www.condepoveda.com\/wp-content\/uploads\/2022\/11\/FTs3p2FWAAUfQPv-1024x609.jpeg 1024w, https:\/\/www.condepoveda.com\/wp-content\/uploads\/2022\/11\/FTs3p2FWAAUfQPv-768x457.jpeg 768w, https:\/\/www.condepoveda.com\/wp-content\/uploads\/2022\/11\/FTs3p2FWAAUfQPv-1536x914.jpeg 1536w, https:\/\/www.condepoveda.com\/wp-content\/uploads\/2022\/11\/FTs3p2FWAAUfQPv-2048x1219.jpeg 2048w\" sizes=\"(max-width: 2084px) 100vw, 2084px\" \/><\/div>\n\t\t\t\t\t<\/div>\n\t\t\t\t<\/div><\/div><\/div><\/div><\/div><\/div><\/div><\/div><\/div><\/div><script id=\"script-row-unique-1\" data-row=\"script-row-unique-1\" type=\"text\/javascript\" class=\"vc_controls\">UNCODE.initRow(document.getElementById(\"row-unique-1\"));<\/script><\/div><\/div><\/div><div data-parent=\"true\" class=\"vc_row row-container\" id=\"row-unique-2\"><div class=\"row limit-width row-parent\"><div class=\"wpb_row row-inner\"><div class=\"wpb_column pos-top pos-center align_left column_parent col-lg-12 single-internal-gutter\"><div class=\"uncol style-light\"  ><div class=\"uncoltable\"><div class=\"uncell no-block-padding\" ><div class=\"uncont\"><div class=\"uncode_text_column\" ><\/p>\n<h2>&#8220;Especular amb el dret de les dones&#8221;<\/h2>\n<h3><em>(19\/05\/22 a l\u2019Eco de Sitges\/Ribes)<\/em><\/h3>\n<p><span style=\"font-weight: 400;\">Ja d&#8217;entrada, aviso que s\u00ed: faig autocr\u00edtica i aquest \u00e9s un article d\u2019un altre home parlant de l\u2019avortament, encara que, m\u00e9s aviat del que vull parlar \u00e9s del paper dels homes respecte l\u2019exercici dels drets de les dones. Un dels elements que m\u00e9s m&#8217;ha cridat l&#8217;atenci\u00f3 de nova &#8216;Ley de salud sexual y reproductiva y de interrupci\u00f3n voluntaria del embarazo&#8217; que ha impulsat el Ministerio de Igualdad del govern espanyol \u00e9s que prohibir\u00e0 als metges que no practiquen avortaments a la sanitat p\u00fablica per objecci\u00f3 de consci\u00e8ncia que puguin fer-ho a la sanitat privada. \u00c9s ben curi\u00f3s, aix\u00f2. Es veu que, a alguns sanitaris, els seus leg\u00edtims i respectables valors religiosos se&#8217;ls acabaven quan en podien treure un sobresou. Caram! La llei destaca per recuperar l&#8217;autonomia de les dones per poder avortar de forma segura i sense perm\u00eds patern, part que va eiminar de la Llei un altre home, l&#8217;Alberto Ruiz-Gallard\u00f3n, el 2013. Es veu que tothom \u00e9s capa\u00e7 no nom\u00e9s d&#8217;opinar sobre els drets de les dones, sin\u00f3 tamb\u00e9 legislar, i sobretot, treure&#8217;n profit. A Espanya, quasi el 85% dels avortaments es practica a cl\u00edniques privades. Haur\u00edem de veure quantes d&#8217;aquestes tenen tamb\u00e9 relaci\u00f3 amb entitats religioses.<\/span><\/p>\n<p><span style=\"font-weight: 400;\">A Catalunya, si fem un rep\u00e0s dels darrers vint anys, trobem que el 2001 es van acreditar 15.207 interrupcions volunt\u00e0ries de l&#8217;embar\u00e0s, de les quals el 93% es van efectuar a la ciutat de Barcelona. Aix\u00f2 suposava una distribuci\u00f3 gens equitativa al territori. De fet, no es va declarar cap intervenci\u00f3 ni a l&#8217;Hospital Sant Camil ni a cap altre centre hospitalari o sanitari del Garraf, un despla\u00e7ament obligatori el qual afegia encara de m\u00e9s dificultats a les dones. A m\u00e9s, el 96% del total de les intervencions realitzades, van ser efectuades a centres privats. Cal recordar que fins al 2010 l&#8217;avortament no va a passar a ser gratu\u00eft. Aleshores, el tipus d&#8217;intervenci\u00f3 m\u00e9s habitual era l&#8217;aspiraci\u00f3, sent exercida en el 86% dels casos, seguida molt de lluny per l\u2019evacuaci\u00f3. En canvi, el 2020, es van realitzar 19.800, que, tenint en compte el creixement de la poblaci\u00f3, \u00e9s gaireb\u00e9 el mateix percentatge. S&#8217;ha girat la tru\u00efta i el 75% han sigut realizades en centres hospitalaris p\u00fablics i nom\u00e9s el 25% dels avortaments s&#8217;han efectuat a la Regi\u00f3 Sanit\u00e0ria Barcelona (no nom\u00e9s la ciutat). Els centres sanitaris del Garraf que van notificar interrupcions volunt\u00e0ries de l&#8217;embar\u00e0s van ser l&#8217;Hospital Resid\u00e8ncia Sant Camil i el CAP Jaume I de Vilanova i la Geltr\u00fa, que van realitzar 339 intervencions. Ara, el m\u00e8tode m\u00e9s habitual \u00e9s el del tractament farmacol\u00f2gic, que va suposar el 50% de les intervencions, seguit de l\u2019aspiraci\u00f3 que va significar el 43%.<\/span><\/p>\n<p><span style=\"font-weight: 400;\">Una dada sociodemogr\u00e0fica que em sembla rellevant \u00e9s que, del total d&#8217;IVE realitzades l&#8217;any 2020 a dones residents a Catalunya, gaireb\u00e9 la meitat correspon a dones nascudes fora del territori espanyol. La distribuci\u00f3, segons el pa\u00eds de proced\u00e8ncia de la dona mostra que la majoria d&#8217;IVE&#8217;s s\u00f3n de dones arribades del Marroc, de l&#8217;Equador, de Bol\u00edvia, de Per\u00fa i de Romania. Pa\u00efsos molt religiosos on o b\u00e9 l&#8217;avortament \u00e9s il\u00b7legal, o b\u00e9 nom\u00e9s est\u00e0 perm\u00e8s amb moltes restriccions o sup\u00f2sits concrets, com en el cas de violaci\u00f3.<\/span><\/p>\n<p><span style=\"font-weight: 400;\">Als anys 70, als Estats Units va originar-se un estrafolari moviment feminista antiavortista que justificava el seu posicionament particular en que l&#8217;avortament acabava beneficiant m\u00e9s als homes, perqu\u00e8 ells no havien de patir l&#8217;experi\u00e8ncia traum\u00e0tica d&#8217;aquest i, a sobre es desresponsabilitzaven de les conseq\u00fc\u00e8ncies dels seus actes. En aquest sentit, crec que els homes no nom\u00e9s han d&#8217;escoltar i posar-se de costat dels drets de les dones, sin\u00f3 que han de responsabilitzar-se i mostrar inter\u00e8s. A qui voldria llan\u00e7ar una pregunta definit\u00f2ria: quants homes quals, alguna vegada a la vida, la seva parella o amant han hagut de fer un avortament saben quin procediment cl\u00ednic han fet servir i en qu\u00e8 consisteix? Jo reconec que si m\u2019ho preguntes fa uns anys, no ho sabria.\u00a0<\/span><\/p>\n<p>&nbsp;<\/p>\n<\/div><\/div><\/div><\/div><\/div><\/div><script id=\"script-row-unique-2\" data-row=\"script-row-unique-2\" type=\"text\/javascript\" class=\"vc_controls\">UNCODE.initRow(document.getElementById(\"row-unique-2\"));<\/script><\/div><\/div><\/div>\n<\/div>","protected":false},"excerpt":{"rendered":"ARTICLE: Especular amb el dret de les dones &#8220;Especular amb el dret de les dones&#8221; (19\/05\/22 a l\u2019Eco de Sitges\/Ribes) [...]","protected":false},"author":2,"featured_media":0,"parent":0,"menu_order":0,"comment_status":"closed","ping_status":"closed","template":"","meta":{"_exactmetrics_skip_tracking":false,"_exactmetrics_sitenote_active":false,"_exactmetrics_sitenote_note":"","_exactmetrics_sitenote_category":0,"footnotes":""},"class_list":["post-82798","page","type-page","status-publish","hentry"],"_links":{"self":[{"href":"https:\/\/www.condepoveda.com\/en\/wp-json\/wp\/v2\/pages\/82798","targetHints":{"allow":["GET"]}}],"collection":[{"href":"https:\/\/www.condepoveda.com\/en\/wp-json\/wp\/v2\/pages"}],"about":[{"href":"https:\/\/www.condepoveda.com\/en\/wp-json\/wp\/v2\/types\/page"}],"author":[{"embeddable":true,"href":"https:\/\/www.condepoveda.com\/en\/wp-json\/wp\/v2\/users\/2"}],"replies":[{"embeddable":true,"href":"https:\/\/www.condepoveda.com\/en\/wp-json\/wp\/v2\/comments?post=82798"}],"version-history":[{"count":1,"href":"https:\/\/www.condepoveda.com\/en\/wp-json\/wp\/v2\/pages\/82798\/revisions"}],"predecessor-version":[{"id":82801,"href":"https:\/\/www.condepoveda.com\/en\/wp-json\/wp\/v2\/pages\/82798\/revisions\/82801"}],"wp:attachment":[{"href":"https:\/\/www.condepoveda.com\/en\/wp-json\/wp\/v2\/media?parent=82798"}],"curies":[{"name":"wp","href":"https:\/\/api.w.org\/{rel}","templated":true}]}}